{"id":10,"date":"2024-03-17T19:14:02","date_gmt":"2024-03-17T18:14:02","guid":{"rendered":"https:\/\/duprecna.com\/?page_id=10"},"modified":"2026-02-18T07:37:58","modified_gmt":"2026-02-18T06:37:58","slug":"o-nas","status":"publish","type":"page","link":"https:\/\/duprecna.com\/?page_id=10","title":{"rendered":"O nas"},"content":{"rendered":"\n<p class=\"has-text-align-center\"><\/p>\n\n\n\n<p>DRU\u0160TVO UPOKOJENCEV PRE\u010cNA &#8211; OSNOVNI PODATKI    <a href=\"https:\/\/duprecna.com\/\">https:\/\/duprecna.com\/<\/a><\/p>\n\n\n\n<p>Pre\u010dna 93, 8000 Novo mesto<\/p>\n\n\n\n<p>Predsednik dru\u0161tva: Drago Siko\u0161ek  041-685-145<\/p>\n\n\n\n<p class=\"has-vivid-red-color has-text-color has-link-color wp-elements-4cb0f6ef5a84741782f831ce08c871fa\">e-mail: amaryllis.precna@siol.net<\/p>\n\n\n\n<p><a href=\"https:\/\/duprecna.com\">https:\/\/duprecna.com<\/a><\/p>\n\n\n\n<p class=\"has-primary-color has-text-color has-link-color wp-elements-1ad17a21a21aefa57abea254af98d900\">M\u0160: 029895000 ,&nbsp;&nbsp;&nbsp; D\u0160: 24597228 ,&nbsp; TR: SI56 1990 6500 9610 532 (DBS d.d.)<\/p>\n\n\n\n<p><em>Dru\u0161tvo upokojencev Pre\u010dna je&nbsp;bilo ustanovljeno leta 2011. Do takrat je nekaj let delovalo pod okriljem DU Novo mesto. Prva predsednica je bila Ivanka Kristan.<\/em><\/p>\n\n\n\n<p><em>Od leta 2015 pa dru\u0161tvo vodi Drago Siko\u0161ek. V\u010dlanjenih imamo okoli 170 \u010dlanic in \u010dlanov. V Upravnem odboru je 7 \u010dlanov.<\/em><\/p>\n\n\n\n<p><em>V dru\u0161tvu deluje ve\u010d sekcij: (streljanje z zra\u010dno pu\u0161ko, pohodni\u0161tvo, strokovne ekskurzije, pikado, balinanje, petanka, kegljanje na vrvici, \u0161ah, peka peciva, rokodelstvo, pogostitve na prireditvah, dvoransko kegljanje). V vseh sekcijah je skupaj vklju\u010denih do 50 \u010dlanic in \u010dlanov, ki aktivno delujejo. V dru\u0161tvu se lahko pohvalimo z \u0161tevilnimi prejetimi pokali in medaljami, ki so jih na&nbsp;tekmovanjih v razli\u010dnih panogah prejeli tako dru\u0161tvo, kot posamezniki. Najve\u010dji \u0161portni dose\u017eek je osvojitev 1. mesta na \u0160portnih igrah upokojencev Dolenjske in Bele krajine leta 2023. Pokale hranimo v vitrini&nbsp;ve\u010dnamenske dvorane Krajevnega doma Pre\u010dna in v dru\u0161tveni pisarni.<\/em><\/p>\n\n\n\n<p><em>Letno se udele\u017eimo ve\u010d meddru\u0161tvenih \u0161portnih turnirjev sosednjih DU, dveh \u017dupanovih pokalov, \u017du\u017eemberk in Dolenjske Toplice, \u0161portnih iger PZDU Dolenjske in Bele krajine ter sodelujemo s Krajevno skupnostjo na Olimpijadi Krajevnih skupnostih MO Novo mesto. Sami tudi organiziramo meddru\u0161tveni turnir, na katerega povabimo ve\u010d sosednjih Dru\u0161tev upokojencev: (Ur\u0161na sela, Dolenjske Toplice, Dvor, \u017du\u017eemberk, Stra\u017ea, \u0160kocjan, Novo mesto, Oto\u010dec, Bela Cerkev in Trebnje).&nbsp;Sodelujemo v ligi pikado za \u017eenske in mo\u0161ke Ob Krki, v kateri tekmuje 6 dru\u0161tev. Prav tako sodelujemo v \u017eenski ligi petanka. Organiziramo mese\u010dne dru\u0161tvene pohode in se udele\u017eujemo mese\u010dnih pohodov Spoznavajmo Dolenjsko.&nbsp;Zelo smo ponosni na na\u0161 tradicionalni \u0160tefanov pohod na Dom na Frati. Organiziramo razna predavanja medicinskih delavcev o zdravju starej\u0161ih, varnost v cestnem prometu\u2026<\/em><\/p>\n\n\n\n<p><em>V dru\u0161tvu deluje tudi 7 poverjenic in poverjenikov, ki po obmo\u010djih pisno ali ustno obve\u0161\u010dajo \u010dlane o dogodkih. Ob okrogli obletnici rojstnega dne in ob novem letu obi\u0161\u010demo na\u0161ega \u010dlana&nbsp;in ga skromno obdarimo.<\/em><\/p>\n\n\n\n<p><em>Na Zboru \u010dlanov podeljujemo tudi dru\u0161tvena priznanja zaslu\u017enim \u010dlanom in zahvale donatorjem. Imamo tudi dru\u0161tveni prapor s katerim smo prisotni na vsakem poslovilnem obredu na\u0161ega \u010dlana. Program dela dru\u0161tva je zelo obse\u017een, saj vsebuje kar 22 to\u010dk, ki pa se preko leta \u0161e dopolnjuje.<\/em><\/p>\n\n\n\n<p><em>V DU Pre\u010dna imamo tri prostovoljke, ki delujejo pod okriljem DU Novo mesto na projektu Starej\u0161i za starej\u0161e.<\/em><\/p>\n\n\n\n<p><em>Dru\u0161tvo ima v Krajevnem domu Pre\u010dna dru\u0161tveno sobo, kjer deluje vodstvo dru\u0161tva, hranimo arhiv in imamo skromno zbirko knjig.&nbsp;Na razpolago imamo tudi skupne prostore, kuhinjo, sanitarije in ve\u010dnamensko dvorano, v kateri izvajamo treninge in razna sre\u010danja. Postavili smo si tudi \u0161tiri stezno streli\u0161\u010de za streljanje z zra\u010dno pu\u0161ko. Uporabljamo tudi balini\u0161\u010de in pokrit prostor za igranje s kroglo na vrvici.<\/em><\/p>\n\n\n\n<p><em>V letu 2023 smo nabavili tudi rekvizite za igranje igre \u0161trbunk. Vodstvo KS nam gre zelo na roko, saj&nbsp;so stro\u0161ki glede uporabe dvorane minimalni. Zelo smo zadovoljni, da smo v Svetu Krajevne skupnosti Pre\u010dna dobili prijetnega sogovornika, ki nas podpira in spodbuja k \u0161e bolj\u0161emu delu.<\/em><\/p>\n\n\n\n<p><strong><em>UO DU PRE\u010cNA<\/em><\/strong><\/p>\n\n\n\n<p><strong><em>Predsednik: Drago Siko\u0161ek<\/em><\/strong><\/p>\n\n\n\n<figure class=\"wp-block-gallery has-nested-images columns-default is-cropped wp-block-gallery-1 is-layout-flex wp-block-gallery-is-layout-flex\">\n<figure class=\"wp-block-image size-large\"><img loading=\"lazy\" decoding=\"async\" width=\"2592\" height=\"1944\" data-id=\"219\" src=\"https:\/\/duprecna.com\/wp-content\/uploads\/2024\/03\/DSC04148.jpg\" alt=\"\" class=\"wp-image-219\"\/><\/figure>\n<\/figure>\n\n\n\n<div class=\"wp-block-columns is-layout-flex wp-container-core-columns-is-layout-28f84493 wp-block-columns-is-layout-flex\">\n<div class=\"wp-block-column is-layout-flow wp-block-column-is-layout-flow\" style=\"flex-basis:100%\"><\/div>\n<\/div>\n\n\n\n<figure class=\"wp-block-image size-full\"><img loading=\"lazy\" decoding=\"async\" width=\"2360\" height=\"2356\" src=\"https:\/\/duprecna.com\/wp-content\/uploads\/2024\/03\/DUPRECNALOGO.png\" alt=\"\" class=\"wp-image-136\"\/><\/figure>\n","protected":false},"excerpt":{"rendered":"<p>DRU\u0160TVO UPOKOJENCEV PRE\u010cNA &#8211; OSNOVNI PODATKI https:\/\/duprecna.com\/ Pre\u010dna 93, 8000 Novo mesto Predsednik dru\u0161tva: Drago Siko\u0161ek 041-685-145 e-mail: amaryllis.precna@siol.net https:\/\/duprecna.com M\u0160: 029895000 ,&nbsp;&nbsp;&nbsp; D\u0160: 24597228 ,&nbsp; TR: SI56 1990 6500 9610 532 (DBS d.d.) Dru\u0161tvo upokojencev Pre\u010dna je&nbsp;bilo ustanovljeno leta 2011. Do takrat je nekaj let delovalo pod okriljem DU Novo mesto. Prva predsednica je [&hellip;]<\/p>\n","protected":false},"author":1,"featured_media":0,"parent":0,"menu_order":0,"comment_status":"closed","ping_status":"closed","template":"","meta":{"footnotes":""},"class_list":["post-10","page","type-page","status-publish","hentry"],"_links":{"self":[{"href":"https:\/\/duprecna.com\/index.php?rest_route=\/wp\/v2\/pages\/10","targetHints":{"allow":["GET"]}}],"collection":[{"href":"https:\/\/duprecna.com\/index.php?rest_route=\/wp\/v2\/pages"}],"about":[{"href":"https:\/\/duprecna.com\/index.php?rest_route=\/wp\/v2\/types\/page"}],"author":[{"embeddable":true,"href":"https:\/\/duprecna.com\/index.php?rest_route=\/wp\/v2\/users\/1"}],"replies":[{"embeddable":true,"href":"https:\/\/duprecna.com\/index.php?rest_route=%2Fwp%2Fv2%2Fcomments&post=10"}],"version-history":[{"count":19,"href":"https:\/\/duprecna.com\/index.php?rest_route=\/wp\/v2\/pages\/10\/revisions"}],"predecessor-version":[{"id":3744,"href":"https:\/\/duprecna.com\/index.php?rest_route=\/wp\/v2\/pages\/10\/revisions\/3744"}],"wp:attachment":[{"href":"https:\/\/duprecna.com\/index.php?rest_route=%2Fwp%2Fv2%2Fmedia&parent=10"}],"curies":[{"name":"wp","href":"https:\/\/api.w.org\/{rel}","templated":true}]}}